{"id":86,"date":"2021-10-25T13:18:39","date_gmt":"2021-10-25T10:18:39","guid":{"rendered":"https:\/\/mrdon.fi\/?page_id=86"},"modified":"2021-11-06T19:56:27","modified_gmt":"2021-11-06T17:56:27","slug":"biryanit","status":"publish","type":"page","link":"https:\/\/mrdon.fi\/en\/biryanit\/","title":{"rendered":"BIRYANI"},"content":{"rendered":"<div class=\"bounce\">\n        <p>TARJOUS: 1L Olut\u00e4mp\u00e4ri ja pizza 21,90\u20ac | 75cl Puna- tai valkoviinipullo 18\u20ac<\/p>\n    <\/div>\n\n\n\n<div class=\"alignfull\"><div id=\"metaslider-id-2286\" style=\"width: 100%; margin: 0 auto;\" class=\"ml-slider-3-96-0 metaslider metaslider-flex metaslider-2286 ml-slider ms-theme-disjoint nav-hidden\" role=\"region\" aria-roledescription=\"Slideshow\" aria-label=\"New Slideshow\">\n    <div id=\"metaslider_container_2286\">\n        <div id=\"metaslider_2286\">\n            <ul class='slides'>\n                <li style=\"display: block; width: 100%;\" class=\"slide-2287 ms-image\" aria-roledescription=\"slide\" aria-label=\"slide-2287\" data-date=\"2021-11-02 23:54:41\"><img loading=\"lazy\" decoding=\"async\" src=\"https:\/\/mrdon.fi\/wp-content\/uploads\/2023\/12\/lippu-1200x500-1.jpeg\" height=\"500\" width=\"1200\" alt=\"\" class=\"slider-2286 slide-2287\" \/><div class=\"caption-wrap\"><div class=\"caption\"><div>COZY BANGLADESH RESTAURANT <br \/>AND MEETING PLACE IN T\u00d6\u00d6L\u00d6<\/div><\/div><\/div><\/li>\n                <li style=\"display: none; width: 100%;\" class=\"slide-2288 ms-image\" aria-roledescription=\"slide\" aria-label=\"slide-2288\" data-date=\"2021-11-02 23:55:07\"><img loading=\"lazy\" decoding=\"async\" src=\"https:\/\/mrdon.fi\/wp-content\/uploads\/2022\/04\/Sisa\u0308lla\u0308-4-1200x500.jpeg\" height=\"500\" width=\"1200\" alt=\"\" class=\"slider-2286 slide-2288\" \/><div class=\"caption-wrap\"><div class=\"caption\"><div>FOOD, DRINKS AND SPORTS FROM THE BIG SCREEN <br \/>WELCOME TO EAT AND DRINK<\/div><\/div><\/div><\/li>\n                <li style=\"display: none; width: 100%;\" class=\"slide-2289 ms-image\" aria-roledescription=\"slide\" aria-label=\"slide-2289\" data-date=\"2021-11-02 23:55:27\"><img loading=\"lazy\" decoding=\"async\" src=\"https:\/\/mrdon.fi\/wp-content\/uploads\/2021\/10\/03-1200x500.jpeg\" height=\"500\" width=\"1200\" alt=\"\" class=\"slider-2286 slide-2289\" \/><div class=\"caption-wrap\"><div class=\"caption\"><div>MR. DON TARJOILEE AINA MAUKKAAT PIZZAT <br \/>pizzat alkaen 12,90\u20ac<\/div><\/div><\/div><\/li>\n            <\/ul>\n        <\/div>\n        \n    <\/div>\n<\/div><\/div>\n\n\n\n<div class=\"c9-grid p-5 c9-scroll\" style=\"min-height:20vh\">\n\n<div class=\"container-fluid alignfull c9-column-container c9-scroll c9-layout-columns-3 c9-3-col-widecenter\" style=\"min-height:10vh\"><div class=\"c9-layout-column-wrap c9-block-layout-column-gap-2 c9-is-responsive-column\">\n\n<div class=\"c9-block-layout-column c9-column text-left\"><div class=\"c9-column-innner\"><\/div><\/div>\n\n\n<div class=\"c9-block-layout-column c9-column text-left\"><div class=\"c9-column-innner\">\n\n<div class=\"section-heading c9-heading text-center\"><h4 class=\"c9-h font-weight-light\">CAFE, BAR &amp; RESTAURANT<\/h4><\/div>\n\n\n<hr class=\"wp-block-separator\">\n\n\n<div class=\"section-heading c9-heading text-center\"><h5 class=\"c9-h font-weight-light\">STYLISH DECORATION, VERSATILE MENU, WIDE RANGE OF BEERS AND WINES, ALCOHOL SERVING LICENCE AND FRIENDLY STAFF.<br><br>Mr.Don is a Bangladeshi restaurant that is filled every day with happy customers who come to eat good food as well as enjoy our wide selection of drinks and \/ or watch exciting sporting events.<br><br>We have comfortable meeting rooms, a chat caf\u00e9, a nice newsroom and free Internet for guests. You can also arrange business and private events with us.<\/h5><\/div>\n\n\n<br>\n\n\n<div class=\"wp-block-image is-style-default\"><figure class=\"aligncenter size-full\"><img loading=\"lazy\" decoding=\"async\" width=\"300\" height=\"126\" src=\"https:\/\/mrdon.fi\/wp-content\/uploads\/2021\/10\/Viasat-urheilu.png\" alt=\"Viasat urheilu\" class=\"wp-image-692\"><\/figure><\/div>\n\n\n<div class=\"section-heading c9-heading text-center\"><h5 class=\"c9-h font-weight-light\">We show Viasat sports channels where you can watch football, hockey and other matches live on site in good company.<\/h5><\/div>\n\n<\/div><\/div>\n\n\n<div class=\"c9-block-layout-column c9-column text-left\"><div class=\"c9-column-innner\"><\/div><\/div>\n\n<\/div><\/div>\n\n<\/div>\n\n\n\n<div class=\"c9-grid c9-fixed\" style=\"min-height:10vh;background-color:rgba(0,208,130,1)\">\n<div class=\"container-narrow c9-column-container p-5 c9-scroll c9-layout-columns-1 c9-is-vertically-aligned-bottom one-column\" style=\"min-height:50vh\"><div class=\"c9-layout-column-wrap c9-block-layout-column-gap-2 c9-is-responsive-column\">\n<div class=\"c9-block-layout-column c9-column text-left c9-is-vertically-aligned-bottom\"><div class=\"c9-column-innner\">\n<div class=\"section-heading c9-heading text-center\"><h1 class=\"c9-txl display-1 font-weight-light\" style=\"color:#ffffff\">BIRYANI<\/h1><\/div>\n<\/div><\/div>\n<\/div><\/div>\n<div class=\"c9-overlay-container\" style=\"background-color:rgba(49,49,49,.1);mix-blend-mode:multiply\"><\/div><\/div>\n\n\n\n<div class=\"menu-container\">\n          <div class=\"biriyani-banner\">\n            \t<div class=\"title-banner\">\n                \t<p>BIRYANI<\/p>\n                <\/div>\n          <\/div>            \n<\/div>\n\n\n\n<div class=\"wp-block-ps2id-block-target\" id=\"biryani\"><\/div>\n\n\n\n<div class=\"c9-grid is-style-default c9-scroll\" style=\"min-height:10vh\">\n<div class=\"container alignwide c9-column-container p-5 c9-scroll c9-layout-columns-3 c9-3-col-widecenter\"><div class=\"c9-overlay-container\" style=\"background-color:rgba(255,255,255,1);mix-blend-mode:multiply\"><\/div><div class=\"c9-layout-column-wrap c9-block-layout-column-gap-4 c9-is-responsive-column\">\n<div class=\"c9-block-layout-column c9-column text-left\"><div class=\"c9-column-innner\"><\/div><\/div>\n\n\n\n<div class=\"c9-block-layout-column c9-column text-left\"><div class=\"c9-column-innner\">\n<div class=\"section-heading c9-heading text-left\"><h5 class=\"c9-h h5 font-weight-light\">1. Chicken Biryani<\/h5><div class=\"c9-h h5\"><small class=\"text-muted\">&nbsp;19,80\u20ac<\/small><\/div><\/div>\n\n\n\n<p style=\"font-size:18px\" class=\"\">Chicken ghee-special, fried rice and boiled egg<\/p>\n\n\n\n<div class=\"section-heading c9-heading text-left\"><h5 class=\"c9-h h5 font-weight-light\">2. Mutton Biryani<\/h5><div class=\"c9-h h5\"><small class=\"text-muted\">&nbsp;21,50\u20ac<\/small><\/div><\/div>\n\n\n\n<p class=\"has-text-align-left\" style=\"font-size:18px\">Ghee lamb -special, fried rice and boiled egg<\/p>\n\n\n\n<div class=\"section-heading c9-heading text-left\"><h5 class=\"c9-h h5 font-weight-light\">3. Vegetable Biryani<\/h5><div class=\"c9-h h5\"><small class=\"text-muted\">&nbsp;19,80\u20ac<\/small><\/div><\/div>\n\n\n\n<p style=\"font-size:18px\" class=\"\">Butter-fried tasty Basmati rice with vegetables, dried fruits, and nuts.<\/p>\n\n\n\n<div class=\"section-heading c9-heading text-left\"><h5 class=\"c9-h h5 font-weight-light\">4. Shrimp Biryani<\/h5><div class=\"c9-h h5\"><small class=\"text-muted\">&nbsp;25,50\u20ac<\/small><\/div><\/div>\n\n\n\n<p class=\"has-text-align-left\" style=\"font-size:18px\">Tiger crab, peas, cauliflower, carrots, broccoli, ghee and boiled egg<\/p>\n\n\n\n<p class=\"\"><\/p>\n<\/div><\/div>\n\n\n\n<div class=\"c9-block-layout-column c9-column text-left\"><div class=\"c9-column-innner\"><\/div><\/div>\n<\/div><\/div>\n<\/div>","protected":false},"excerpt":{"rendered":"","protected":false},"author":1,"featured_media":0,"parent":0,"menu_order":0,"comment_status":"closed","ping_status":"closed","template":"","meta":{"footnotes":""},"class_list":["post-86","page","type-page","status-publish","hentry"],"_links":{"self":[{"href":"https:\/\/mrdon.fi\/en\/wp-json\/wp\/v2\/pages\/86","targetHints":{"allow":["GET"]}}],"collection":[{"href":"https:\/\/mrdon.fi\/en\/wp-json\/wp\/v2\/pages"}],"about":[{"href":"https:\/\/mrdon.fi\/en\/wp-json\/wp\/v2\/types\/page"}],"author":[{"embeddable":true,"href":"https:\/\/mrdon.fi\/en\/wp-json\/wp\/v2\/users\/1"}],"replies":[{"embeddable":true,"href":"https:\/\/mrdon.fi\/en\/wp-json\/wp\/v2\/comments?post=86"}],"version-history":[{"count":0,"href":"https:\/\/mrdon.fi\/en\/wp-json\/wp\/v2\/pages\/86\/revisions"}],"wp:attachment":[{"href":"https:\/\/mrdon.fi\/en\/wp-json\/wp\/v2\/media?parent=86"}],"curies":[{"name":"wp","href":"https:\/\/api.w.org\/{rel}","templated":true}]}}